{"id":15,"date":"2021-11-21T15:14:41","date_gmt":"2021-11-21T15:14:41","guid":{"rendered":"https:\/\/poliduo.de\/?page_id=15"},"modified":"2024-03-27T19:26:29","modified_gmt":"2024-03-27T19:26:29","slug":"services","status":"publish","type":"page","link":"https:\/\/poliduo.de\/?page_id=15","title":{"rendered":"Services"},"content":{"rendered":"\t\t<div data-elementor-type=\"wp-page\" data-elementor-id=\"15\" class=\"elementor elementor-15\">\n\t\t\t\t\t\t<section class=\"elementor-section elementor-top-section elementor-element elementor-element-83746e8 elementor-section-height-min-height elementor-section-boxed elementor-section-height-default elementor-section-items-middle\" data-id=\"83746e8\" data-element_type=\"section\" data-e-type=\"section\" data-settings=\"{&quot;background_background&quot;:&quot;classic&quot;}\">\n\t\t\t\t\t\t\t<div class=\"elementor-background-overlay\"><\/div>\n\t\t\t\t\t\t\t<div class=\"elementor-container elementor-column-gap-default\">\n\t\t\t\t\t<div class=\"elementor-column elementor-col-100 elementor-top-column elementor-element elementor-element-09faee3\" data-id=\"09faee3\" data-element_type=\"column\" data-e-type=\"column\">\n\t\t\t<div class=\"elementor-widget-wrap elementor-element-populated\">\n\t\t\t\t\t\t<div class=\"elementor-element elementor-element-c7152a9 elementor-widget elementor-widget-heading\" data-id=\"c7152a9\" data-element_type=\"widget\" data-e-type=\"widget\" data-widget_type=\"heading.default\">\n\t\t\t\t<div class=\"elementor-widget-container\">\n\t\t\t\t\t<h1 class=\"elementor-heading-title elementor-size-default\">unsere dienstleistungen<\/h1>\t\t\t\t<\/div>\n\t\t\t\t<\/div>\n\t\t\t\t\t<\/div>\n\t\t<\/div>\n\t\t\t\t\t<\/div>\n\t\t<\/section>\n\t\t\t\t<section class=\"elementor-section elementor-top-section elementor-element elementor-element-a92bf94 elementor-section-boxed elementor-section-height-default elementor-section-height-default\" data-id=\"a92bf94\" data-element_type=\"section\" data-e-type=\"section\">\n\t\t\t\t\t\t<div class=\"elementor-container elementor-column-gap-default\">\n\t\t\t\t\t<div class=\"elementor-column elementor-col-50 elementor-top-column elementor-element elementor-element-f485586\" data-id=\"f485586\" data-element_type=\"column\" data-e-type=\"column\">\n\t\t\t<div class=\"elementor-widget-wrap elementor-element-populated\">\n\t\t\t\t\t\t<div class=\"elementor-element elementor-element-b5d284b elementor-widget__width-initial elementor-widget elementor-widget-image\" data-id=\"b5d284b\" data-element_type=\"widget\" data-e-type=\"widget\" data-widget_type=\"image.default\">\n\t\t\t\t<div class=\"elementor-widget-container\">\n\t\t\t\t\t\t\t\t\t\t\t\t\t\t\t<img fetchpriority=\"high\" decoding=\"async\" width=\"343\" height=\"464\" src=\"https:\/\/poliduo.de\/wp-content\/uploads\/2023\/05\/Innenaufbereitung-1-1.png\" class=\"attachment-full size-full wp-image-1907\" alt=\"\" srcset=\"https:\/\/poliduo.de\/wp-content\/uploads\/2023\/05\/Innenaufbereitung-1-1.png 343w, https:\/\/poliduo.de\/wp-content\/uploads\/2023\/05\/Innenaufbereitung-1-1-222x300.png 222w\" sizes=\"(max-width: 343px) 100vw, 343px\" \/>\t\t\t\t\t\t\t\t\t\t\t\t\t\t\t<\/div>\n\t\t\t\t<\/div>\n\t\t\t\t\t<\/div>\n\t\t<\/div>\n\t\t\t\t<div class=\"elementor-column elementor-col-50 elementor-top-column elementor-element elementor-element-7d00c84\" data-id=\"7d00c84\" data-element_type=\"column\" data-e-type=\"column\">\n\t\t\t<div class=\"elementor-widget-wrap elementor-element-populated\">\n\t\t\t\t\t\t<div class=\"elementor-element elementor-element-8ce1b85 elementor-widget elementor-widget-heading\" data-id=\"8ce1b85\" data-element_type=\"widget\" data-e-type=\"widget\" data-widget_type=\"heading.default\">\n\t\t\t\t<div class=\"elementor-widget-container\">\n\t\t\t\t\t<h4 class=\"elementor-heading-title elementor-size-default\">Innenaufbereitung<\/h4>\t\t\t\t<\/div>\n\t\t\t\t<\/div>\n\t\t\t\t<div class=\"elementor-element elementor-element-64ecde6 elementor-tabs-view-horizontal elementor-widget elementor-widget-tabs\" data-id=\"64ecde6\" data-element_type=\"widget\" data-e-type=\"widget\" data-widget_type=\"tabs.default\">\n\t\t\t\t<div class=\"elementor-widget-container\">\n\t\t\t\t\t\t\t<div class=\"elementor-tabs\">\n\t\t\t<div class=\"elementor-tabs-wrapper\" role=\"tablist\" >\n\t\t\t\t\t\t\t\t\t<div id=\"elementor-tab-title-1051\" class=\"elementor-tab-title elementor-tab-desktop-title\" aria-selected=\"true\" data-tab=\"1\" role=\"tab\" tabindex=\"0\" aria-controls=\"elementor-tab-content-1051\" aria-expanded=\"false\">Basic Intensiv<\/div>\n\t\t\t\t\t\t\t\t\t<div id=\"elementor-tab-title-1052\" class=\"elementor-tab-title elementor-tab-desktop-title\" aria-selected=\"false\" data-tab=\"2\" role=\"tab\" tabindex=\"-1\" aria-controls=\"elementor-tab-content-1052\" aria-expanded=\"false\">Top <\/div>\n\t\t\t\t\t\t\t<\/div>\n\t\t\t<div class=\"elementor-tabs-content-wrapper\" role=\"tablist\" aria-orientation=\"vertical\">\n\t\t\t\t\t\t\t\t\t<div class=\"elementor-tab-title elementor-tab-mobile-title\" aria-selected=\"true\" data-tab=\"1\" role=\"tab\" tabindex=\"0\" aria-controls=\"elementor-tab-content-1051\" aria-expanded=\"false\">Basic Intensiv<\/div>\n\t\t\t\t\t<div id=\"elementor-tab-content-1051\" class=\"elementor-tab-content elementor-clearfix\" data-tab=\"1\" role=\"tabpanel\" aria-labelledby=\"elementor-tab-title-1051\" tabindex=\"0\" hidden=\"false\"><p style=\"font-size: 17px; font-style: normal; font-weight: 400;\"><span style=\"font-weight: bold;\">Leistungen<\/span><\/p><ul style=\"font-size: 17px; font-style: normal; font-weight: 400;\"><li style=\"font-size: 17px;\">Saugen\u00a0der Sitze<\/li><li style=\"font-size: 17px;\">Saugen der Fu\u00dfmatten<\/li><li style=\"font-size: 17px;\">Saugen des Kofferraums<\/li><li style=\"font-size: 17px;\">Reinigung der Oberfl\u00e4chen<\/li><li style=\"font-size: 17px;\">Pflege der Oberfl\u00e4chen<\/li><\/ul><p style=\"font-size: 17px; font-style: normal; font-weight: 400;\"><span style=\"font-weight: bold;\">Trocknungszeit<\/span><\/p><p style=\"font-size: 17px; font-style: normal; font-weight: 400;\">keine<\/p><p style=\"font-size: 17px; font-style: normal; font-weight: 400;\"><span style=\"font-weight: bold;\">Kosten<\/span><\/p><p style=\"font-size: 17px; font-style: normal; font-weight: 400;\">ab 150\u20ac<\/p><\/div>\n\t\t\t\t\t\t\t\t\t<div class=\"elementor-tab-title elementor-tab-mobile-title\" aria-selected=\"false\" data-tab=\"2\" role=\"tab\" tabindex=\"-1\" aria-controls=\"elementor-tab-content-1052\" aria-expanded=\"false\">Top <\/div>\n\t\t\t\t\t<div id=\"elementor-tab-content-1052\" class=\"elementor-tab-content elementor-clearfix\" data-tab=\"2\" role=\"tabpanel\" aria-labelledby=\"elementor-tab-title-1052\" tabindex=\"0\" hidden=\"hidden\"><p><strong>Leistungen<\/strong><\/p><ul><li>Saugen der Sitze<\/li><li>Saugen der Fu\u00dfmatten<\/li><li style=\"font-size: 17px;\">Saugen des Kofferraums<\/li><li>Nassw\u00e4sche der Sitze<\/li><li>Nassw\u00e4sche der Fu\u00dfmatten<\/li><li>Reinigung der Oberfl\u00e4chen<\/li><li>Pflege der Oberfl\u00e4chen<\/li><li>UV-Schutzversiegelung der Oberfl\u00e4chen<\/li><\/ul><p><strong>Trocknungszeit<\/strong><\/p><p>\u00fcber Nacht<\/p><p><strong>Kosten<\/strong><\/p><p>ab 300\u20ac<\/p><\/div>\n\t\t\t\t\t\t\t<\/div>\n\t\t<\/div>\n\t\t\t\t\t\t<\/div>\n\t\t\t\t<\/div>\n\t\t\t\t\t<\/div>\n\t\t<\/div>\n\t\t\t\t\t<\/div>\n\t\t<\/section>\n\t\t\t\t<section class=\"elementor-section elementor-top-section elementor-element elementor-element-81b0575 elementor-section-boxed elementor-section-height-default elementor-section-height-default\" data-id=\"81b0575\" data-element_type=\"section\" data-e-type=\"section\">\n\t\t\t\t\t\t<div class=\"elementor-container elementor-column-gap-default\">\n\t\t\t\t\t<div class=\"elementor-column elementor-col-50 elementor-top-column elementor-element elementor-element-15cfb90\" data-id=\"15cfb90\" data-element_type=\"column\" data-e-type=\"column\">\n\t\t\t<div class=\"elementor-widget-wrap elementor-element-populated\">\n\t\t\t\t\t\t<div class=\"elementor-element elementor-element-a26d886 elementor-widget elementor-widget-image\" data-id=\"a26d886\" data-element_type=\"widget\" data-e-type=\"widget\" data-widget_type=\"image.default\">\n\t\t\t\t<div class=\"elementor-widget-container\">\n\t\t\t\t\t\t\t\t\t\t\t\t\t\t\t<img decoding=\"async\" width=\"343\" height=\"464\" src=\"https:\/\/poliduo.de\/wp-content\/uploads\/2023\/05\/Aussenaufbereitung-1-1.png\" class=\"attachment-full size-full wp-image-1908\" alt=\"\" srcset=\"https:\/\/poliduo.de\/wp-content\/uploads\/2023\/05\/Aussenaufbereitung-1-1.png 343w, https:\/\/poliduo.de\/wp-content\/uploads\/2023\/05\/Aussenaufbereitung-1-1-222x300.png 222w\" sizes=\"(max-width: 343px) 100vw, 343px\" \/>\t\t\t\t\t\t\t\t\t\t\t\t\t\t\t<\/div>\n\t\t\t\t<\/div>\n\t\t\t\t\t<\/div>\n\t\t<\/div>\n\t\t\t\t<div class=\"elementor-column elementor-col-50 elementor-top-column elementor-element elementor-element-97c09ce\" data-id=\"97c09ce\" data-element_type=\"column\" data-e-type=\"column\">\n\t\t\t<div class=\"elementor-widget-wrap elementor-element-populated\">\n\t\t\t\t\t\t<div class=\"elementor-element elementor-element-cfc6530 elementor-widget elementor-widget-heading\" data-id=\"cfc6530\" data-element_type=\"widget\" data-e-type=\"widget\" data-widget_type=\"heading.default\">\n\t\t\t\t<div class=\"elementor-widget-container\">\n\t\t\t\t\t<h4 class=\"elementor-heading-title elementor-size-default\">Au\u00dfenaufbereitung<\/h4>\t\t\t\t<\/div>\n\t\t\t\t<\/div>\n\t\t\t\t<div class=\"elementor-element elementor-element-85ef5bf elementor-tabs-view-horizontal elementor-widget elementor-widget-tabs\" data-id=\"85ef5bf\" data-element_type=\"widget\" data-e-type=\"widget\" data-widget_type=\"tabs.default\">\n\t\t\t\t<div class=\"elementor-widget-container\">\n\t\t\t\t\t\t\t<div class=\"elementor-tabs\">\n\t\t\t<div class=\"elementor-tabs-wrapper\" role=\"tablist\" >\n\t\t\t\t\t\t\t\t\t<div id=\"elementor-tab-title-1401\" class=\"elementor-tab-title elementor-tab-desktop-title\" aria-selected=\"true\" data-tab=\"1\" role=\"tab\" tabindex=\"0\" aria-controls=\"elementor-tab-content-1401\" aria-expanded=\"false\">Basic<\/div>\n\t\t\t\t\t\t\t\t\t<div id=\"elementor-tab-title-1402\" class=\"elementor-tab-title elementor-tab-desktop-title\" aria-selected=\"false\" data-tab=\"2\" role=\"tab\" tabindex=\"-1\" aria-controls=\"elementor-tab-content-1402\" aria-expanded=\"false\">Glanz<\/div>\n\t\t\t\t\t\t\t\t\t<div id=\"elementor-tab-title-1403\" class=\"elementor-tab-title elementor-tab-desktop-title\" aria-selected=\"false\" data-tab=\"3\" role=\"tab\" tabindex=\"-1\" aria-controls=\"elementor-tab-content-1403\" aria-expanded=\"false\">Top<\/div>\n\t\t\t\t\t\t\t<\/div>\n\t\t\t<div class=\"elementor-tabs-content-wrapper\" role=\"tablist\" aria-orientation=\"vertical\">\n\t\t\t\t\t\t\t\t\t<div class=\"elementor-tab-title elementor-tab-mobile-title\" aria-selected=\"true\" data-tab=\"1\" role=\"tab\" tabindex=\"0\" aria-controls=\"elementor-tab-content-1401\" aria-expanded=\"false\">Basic<\/div>\n\t\t\t\t\t<div id=\"elementor-tab-content-1401\" class=\"elementor-tab-content elementor-clearfix\" data-tab=\"1\" role=\"tabpanel\" aria-labelledby=\"elementor-tab-title-1401\" tabindex=\"0\" hidden=\"false\"><p><strong>Leistungen<\/strong><\/p><ul><li>Felgenreinigung<\/li><li>Vorreinigung<\/li><li>Reinigung mit Glanzshampoo<\/li><li>Trocknung des Fahrzeuges<\/li><li>Versiegelung<\/li><li>Auf Wunsch: Plastikpflege und Reifenglanz<\/li><\/ul><p><strong>Bearbeitungszeit<\/strong><\/p><p>2 Stunden<\/p><p><strong>Trocknungszeit<\/strong><\/p><p>keine<\/p><p><strong>Kosten<\/strong><\/p><p>ab 150\u20ac<\/p><\/div>\n\t\t\t\t\t\t\t\t\t<div class=\"elementor-tab-title elementor-tab-mobile-title\" aria-selected=\"false\" data-tab=\"2\" role=\"tab\" tabindex=\"-1\" aria-controls=\"elementor-tab-content-1402\" aria-expanded=\"false\">Glanz<\/div>\n\t\t\t\t\t<div id=\"elementor-tab-content-1402\" class=\"elementor-tab-content elementor-clearfix\" data-tab=\"2\" role=\"tabpanel\" aria-labelledby=\"elementor-tab-title-1402\" tabindex=\"0\" hidden=\"hidden\"><p><strong>Leistungen<\/strong><\/p><ul><li>Felgenreinigung<\/li><li>Vorreinigung<\/li><li>Reinigung mit Glanzshampoo<\/li><li>Trocknung des Fahrzeuges<\/li><li>Abkleben des Fahrzeuges<\/li><li>Ein- oder Zweistufige Hochglanzpolitur<\/li><li>Versiegelung<\/li><li>Plastikpflege<\/li><li>Auf Wunsch: Reifenglanz<\/li><\/ul><p><strong>Bearbeitungszeit<\/strong><\/p><p>6 Stunden<\/p><p><strong>Trocknungszeit<\/strong><\/p><p>keine<\/p><p><strong>Kosten<\/strong><\/p><p>ab 400\u20ac<\/p><\/div>\n\t\t\t\t\t\t\t\t\t<div class=\"elementor-tab-title elementor-tab-mobile-title\" aria-selected=\"false\" data-tab=\"3\" role=\"tab\" tabindex=\"-1\" aria-controls=\"elementor-tab-content-1403\" aria-expanded=\"false\">Top<\/div>\n\t\t\t\t\t<div id=\"elementor-tab-content-1403\" class=\"elementor-tab-content elementor-clearfix\" data-tab=\"3\" role=\"tabpanel\" aria-labelledby=\"elementor-tab-title-1403\" tabindex=\"0\" hidden=\"hidden\"><p><strong>Leistungen<\/strong><\/p><ul><li>Felgenreinigung<\/li><li>Vorreinigung<\/li><li>Reinigung mit Glanzshampoo<\/li><li>Trocknung des Fahrzeuges<\/li><li>Abkleben des Fahrzeuges<\/li><li>Dreistufige Hochglanzpolitur<\/li><li>Langzeitversiegelung (Nano oder Keramik)<\/li><li>Plastikpflege<\/li><li>Reifenglanz<\/li><\/ul><p><strong>Bearbeitungszeit<\/strong><\/p><p>9 Stunden<\/p><p><strong>Trocknungszeit<\/strong><\/p><p>\u00fcber Nacht<\/p><p><strong>Kosten<\/strong><\/p><p>ab 800\u20ac<\/p><\/div>\n\t\t\t\t\t\t\t<\/div>\n\t\t<\/div>\n\t\t\t\t\t\t<\/div>\n\t\t\t\t<\/div>\n\t\t\t\t\t<\/div>\n\t\t<\/div>\n\t\t\t\t\t<\/div>\n\t\t<\/section>\n\t\t\t\t<section class=\"elementor-section elementor-top-section elementor-element elementor-element-f2400c1 elementor-section-boxed elementor-section-height-default elementor-section-height-default\" data-id=\"f2400c1\" data-element_type=\"section\" data-e-type=\"section\">\n\t\t\t\t\t\t<div class=\"elementor-container elementor-column-gap-default\">\n\t\t\t\t\t<div class=\"elementor-column elementor-col-50 elementor-top-column elementor-element elementor-element-7609ad3\" data-id=\"7609ad3\" data-element_type=\"column\" data-e-type=\"column\">\n\t\t\t<div class=\"elementor-widget-wrap elementor-element-populated\">\n\t\t\t\t\t\t<div class=\"elementor-element elementor-element-3dd6d97 elementor-widget elementor-widget-image\" data-id=\"3dd6d97\" data-element_type=\"widget\" data-e-type=\"widget\" data-widget_type=\"image.default\">\n\t\t\t\t<div class=\"elementor-widget-container\">\n\t\t\t\t\t\t\t\t\t\t\t\t\t\t\t<img decoding=\"async\" width=\"343\" height=\"464\" src=\"https:\/\/poliduo.de\/wp-content\/uploads\/2023\/05\/Versiegelung-1-1.png\" class=\"attachment-full size-full wp-image-1909\" alt=\"\" srcset=\"https:\/\/poliduo.de\/wp-content\/uploads\/2023\/05\/Versiegelung-1-1.png 343w, https:\/\/poliduo.de\/wp-content\/uploads\/2023\/05\/Versiegelung-1-1-222x300.png 222w\" sizes=\"(max-width: 343px) 100vw, 343px\" \/>\t\t\t\t\t\t\t\t\t\t\t\t\t\t\t<\/div>\n\t\t\t\t<\/div>\n\t\t\t\t\t<\/div>\n\t\t<\/div>\n\t\t\t\t<div class=\"elementor-column elementor-col-50 elementor-top-column elementor-element elementor-element-40bfc21\" data-id=\"40bfc21\" data-element_type=\"column\" data-e-type=\"column\">\n\t\t\t<div class=\"elementor-widget-wrap elementor-element-populated\">\n\t\t\t\t\t\t<div class=\"elementor-element elementor-element-7cce840 elementor-widget elementor-widget-heading\" data-id=\"7cce840\" data-element_type=\"widget\" data-e-type=\"widget\" data-widget_type=\"heading.default\">\n\t\t\t\t<div class=\"elementor-widget-container\">\n\t\t\t\t\t<h4 class=\"elementor-heading-title elementor-size-default\">Versiegelung<\/h4>\t\t\t\t<\/div>\n\t\t\t\t<\/div>\n\t\t\t\t<div class=\"elementor-element elementor-element-18dff64 elementor-widget elementor-widget-text-editor\" data-id=\"18dff64\" data-element_type=\"widget\" data-e-type=\"widget\" data-widget_type=\"text-editor.default\">\n\t\t\t\t<div class=\"elementor-widget-container\">\n\t\t\t\t\t\t\t\t\t<p>Mittlerweile gibt es verschiedene Versiegelungen, welche alle ihre eigenen Vor- und Nachteile mit sich bringen. Gerne beraten wir dich ausf\u00fchrlich, welche Versiegelung die Richtige f\u00fcr dich ist.<\/p>\t\t\t\t\t\t\t\t<\/div>\n\t\t\t\t<\/div>\n\t\t\t\t<div class=\"elementor-element elementor-element-cdd83e9 elementor-tabs-view-horizontal elementor-widget elementor-widget-tabs\" data-id=\"cdd83e9\" data-element_type=\"widget\" data-e-type=\"widget\" data-widget_type=\"tabs.default\">\n\t\t\t\t<div class=\"elementor-widget-container\">\n\t\t\t\t\t\t\t<div class=\"elementor-tabs\">\n\t\t\t<div class=\"elementor-tabs-wrapper\" role=\"tablist\" >\n\t\t\t\t\t\t\t\t\t<div id=\"elementor-tab-title-2151\" class=\"elementor-tab-title elementor-tab-desktop-title\" aria-selected=\"true\" data-tab=\"1\" role=\"tab\" tabindex=\"0\" aria-controls=\"elementor-tab-content-2151\" aria-expanded=\"false\">Keramik<\/div>\n\t\t\t\t\t\t\t\t\t<div id=\"elementor-tab-title-2152\" class=\"elementor-tab-title elementor-tab-desktop-title\" aria-selected=\"false\" data-tab=\"2\" role=\"tab\" tabindex=\"-1\" aria-controls=\"elementor-tab-content-2152\" aria-expanded=\"false\">Nano<\/div>\n\t\t\t\t\t\t\t\t\t<div id=\"elementor-tab-title-2153\" class=\"elementor-tab-title elementor-tab-desktop-title\" aria-selected=\"false\" data-tab=\"3\" role=\"tab\" tabindex=\"-1\" aria-controls=\"elementor-tab-content-2153\" aria-expanded=\"false\">Hartwachs<\/div>\n\t\t\t\t\t\t\t<\/div>\n\t\t\t<div class=\"elementor-tabs-content-wrapper\" role=\"tablist\" aria-orientation=\"vertical\">\n\t\t\t\t\t\t\t\t\t<div class=\"elementor-tab-title elementor-tab-mobile-title\" aria-selected=\"true\" data-tab=\"1\" role=\"tab\" tabindex=\"0\" aria-controls=\"elementor-tab-content-2151\" aria-expanded=\"false\">Keramik<\/div>\n\t\t\t\t\t<div id=\"elementor-tab-content-2151\" class=\"elementor-tab-content elementor-clearfix\" data-tab=\"1\" role=\"tabpanel\" aria-labelledby=\"elementor-tab-title-2151\" tabindex=\"0\" hidden=\"false\"><p><strong>&nbsp;Vorteile:<\/strong><\/p>\n<ol>\n<li>Langlebigkeit: Keramikversiegelungen sind bekannt f\u00fcr ihre Haltbarkeit und k\u00f6nnen mehrere Jahre halten.<\/li>\n<li>H\u00e4rte und Kratzbest\u00e4ndigkeit: Eine Keramikversiegelung bildet eine harte Schutzschicht auf der Lackoberfl\u00e4che, die vor leichten Kratzern und Swirls sch\u00fctzen kann.<\/li>\n<li>Chemikalien- und UV-Best\u00e4ndigkeit: Sie bietet Schutz vor aggressiven Chemikalien, Vogelkot, UV-Strahlung und anderen Umwelteinfl\u00fcssen.<\/li>\n<li>Glanz und Hydrophobie: Eine Keramikversiegelung verleiht dem Lack einen tiefen Glanz und eine hydrophobe Wirkung, wodurch Wasser und Schmutz leicht abperlen.<\/li>\n<\/ol>\n<p><strong>Nachteile:<\/strong><\/p>\n<ol>\n<li>Kosten: Keramikversiegelungen sind teurer als andere Optionen.<\/li>\n<li>Vorbereitungsarbeit: Eine gr\u00fcndliche Lackvorbereitung ist erforderlich, um eine optimale Haftung der Versiegelung zu gew\u00e4hrleisten.&nbsp;<br>Hier empfehlen wir unsere Au\u00dfenaufbereitung &#8222;Top&#8220;.<\/li><li>Lange Aush\u00e4rtezeit bis volle Chemie- und Schmutzbest\u00e4ndigkeit gegeben ist.&nbsp;<\/li>\n<\/ol><\/div>\n\t\t\t\t\t\t\t\t\t<div class=\"elementor-tab-title elementor-tab-mobile-title\" aria-selected=\"false\" data-tab=\"2\" role=\"tab\" tabindex=\"-1\" aria-controls=\"elementor-tab-content-2152\" aria-expanded=\"false\">Nano<\/div>\n\t\t\t\t\t<div id=\"elementor-tab-content-2152\" class=\"elementor-tab-content elementor-clearfix\" data-tab=\"2\" role=\"tabpanel\" aria-labelledby=\"elementor-tab-title-2152\" tabindex=\"0\" hidden=\"hidden\"><p><strong>Vorteile:<\/strong><\/p><ol><li>Guter Schutz: Sie bieten eine Schutzschicht vor Schmutz, Insekten, leichten Kratzern und UV-Strahlen.<\/li><li>Glanz: Nanoversiegelungen k\u00f6nnen dem Lack einen zus\u00e4tzlichen Glanz verleihen.<\/li><li>Kosten: Im Vergleich zu Keramikversiegelungen sind Nanoversiegelungen oft kosteng\u00fcnstiger.<\/li><\/ol><p><strong>Nachteile:<\/strong><\/p><ol><li>Haltbarkeit: Die Haltbarkeit von Nanoversiegelungen ist in der Regel k\u00fcrzer als bei Keramikversiegelungen und erfordert h\u00e4ufigere Auffrischungen.<br \/>Bei unserer KochChemie 1K Nano-Versiegelung erh\u00e4lst du eine Auffrischung bei jeder Au\u00dfenaufbereitung kostenlos hinzu.<\/li><li>Geringere Widerstandsf\u00e4higkeit: Im Vergleich zu Keramikversiegelungen bieten Nanoversiegelungen m\u00f6glicherweise nicht den gleichen Schutz gegen\u00fcber aggressiven Chemikalien und harten Kratzern.<\/li><li>Abperleffekt: Der hydrophobe Effekt von Nanoversiegelungen nimmt schneller ab.<\/li><\/ol><\/div>\n\t\t\t\t\t\t\t\t\t<div class=\"elementor-tab-title elementor-tab-mobile-title\" aria-selected=\"false\" data-tab=\"3\" role=\"tab\" tabindex=\"-1\" aria-controls=\"elementor-tab-content-2153\" aria-expanded=\"false\">Hartwachs<\/div>\n\t\t\t\t\t<div id=\"elementor-tab-content-2153\" class=\"elementor-tab-content elementor-clearfix\" data-tab=\"3\" role=\"tabpanel\" aria-labelledby=\"elementor-tab-title-2153\" tabindex=\"0\" hidden=\"hidden\"><p><strong>Vorteile:<\/strong><\/p><ol><li>Glanz: Hartwachs verleiht dem Lack einen sch\u00f6nen Glanz.<\/li><li>Kosteng\u00fcnstig: Hartwachs ist im Vergleich zu Keramik- und Nanoversiegelungen preiswerter.<\/li><\/ol><p><strong>Nachteile:<\/strong><\/p><ol><li>K\u00fcrzere Haltbarkeit: Im Vergleich zu Keramik- und Nanoversiegelungen h\u00e4lt Hartwachs in der Regel nicht so lange und erfordert h\u00e4ufigere Anwendungen.<\/li><li>Geringerer Schutz: Hartwachs bietet keinen so starken Schutz gegen\u00fcber Kratzern, Chemikalien und Umwelteinfl\u00fcssen wie Keramik- oder Nanoversiegelungen.<\/li><li>Wasserbest\u00e4ndigkeit: Der hydrophobe Effekt von Hartwachs ist normalerweise nicht so stark wie bei Keramik- und Nanoversiegelungen, wodurch Schmutz und Wasser weniger effektiv abperlen.<\/li><\/ol><\/div>\n\t\t\t\t\t\t\t<\/div>\n\t\t<\/div>\n\t\t\t\t\t\t<\/div>\n\t\t\t\t<\/div>\n\t\t\t\t\t<\/div>\n\t\t<\/div>\n\t\t\t\t\t<\/div>\n\t\t<\/section>\n\t\t\t\t<\/div>\n\t\t","protected":false},"excerpt":{"rendered":"<p>unsere dienstleistungen Innenaufbereitung Basic Intensiv Top Basic Intensiv Leistungen Saugen\u00a0der Sitze Saugen der Fu\u00dfmatten Saugen des Kofferraums Reinigung der Oberfl\u00e4chen Pflege der Oberfl\u00e4chen Trocknungszeit keine Kosten ab 150\u20ac Top Leistungen Saugen der Sitze Saugen der Fu\u00dfmatten Saugen des Kofferraums Nassw\u00e4sche der Sitze Nassw\u00e4sche der Fu\u00dfmatten Reinigung der Oberfl\u00e4chen Pflege der Oberfl\u00e4chen UV-Schutzversiegelung der Oberfl\u00e4chen Trocknungszeit [&hellip;]<\/p>\n","protected":false},"author":1,"featured_media":0,"parent":0,"menu_order":0,"comment_status":"closed","ping_status":"closed","template":"","meta":{"_uag_custom_page_level_css":"","site-sidebar-layout":"no-sidebar","site-content-layout":"page-builder","ast-site-content-layout":"default","site-content-style":"default","site-sidebar-style":"default","ast-global-header-display":"","ast-banner-title-visibility":"","ast-main-header-display":"","ast-hfb-above-header-display":"","ast-hfb-below-header-display":"","ast-hfb-mobile-header-display":"","site-post-title":"disabled","ast-breadcrumbs-content":"","ast-featured-img":"disabled","footer-sml-layout":"","ast-disable-related-posts":"","theme-transparent-header-meta":"enabled","adv-header-id-meta":"","stick-header-meta":"","header-above-stick-meta":"","header-main-stick-meta":"","header-below-stick-meta":"","astra-migrate-meta-layouts":"default","ast-page-background-enabled":"default","ast-page-background-meta":{"desktop":{"background-color":"var(--ast-global-color-4)","background-image":"","background-repeat":"repeat","background-position":"center center","background-size":"auto","background-attachment":"scroll","background-type":"","background-media":"","overlay-type":"","overlay-color":"","overlay-opacity":"","overlay-gradient":""},"tablet":{"background-color":"","background-image":"","background-repeat":"repeat","background-position":"center center","background-size":"auto","background-attachment":"scroll","background-type":"","background-media":"","overlay-type":"","overlay-color":"","overlay-opacity":"","overlay-gradient":""},"mobile":{"background-color":"","background-image":"","background-repeat":"repeat","background-position":"center center","background-size":"auto","background-attachment":"scroll","background-type":"","background-media":"","overlay-type":"","overlay-color":"","overlay-opacity":"","overlay-gradient":""}},"ast-content-background-meta":{"desktop":{"background-color":"var(--ast-global-color-5)","background-image":"","background-repeat":"repeat","background-position":"center center","background-size":"auto","background-attachment":"scroll","background-type":"","background-media":"","overlay-type":"","overlay-color":"","overlay-opacity":"","overlay-gradient":""},"tablet":{"background-color":"var(--ast-global-color-5)","background-image":"","background-repeat":"repeat","background-position":"center center","background-size":"auto","background-attachment":"scroll","background-type":"","background-media":"","overlay-type":"","overlay-color":"","overlay-opacity":"","overlay-gradient":""},"mobile":{"background-color":"var(--ast-global-color-5)","background-image":"","background-repeat":"repeat","background-position":"center center","background-size":"auto","background-attachment":"scroll","background-type":"","background-media":"","overlay-type":"","overlay-color":"","overlay-opacity":"","overlay-gradient":""}},"footnotes":""},"class_list":["post-15","page","type-page","status-publish","hentry"],"uagb_featured_image_src":{"full":false,"thumbnail":false,"medium":false,"medium_large":false,"large":false,"1536x1536":false,"2048x2048":false},"uagb_author_info":{"display_name":"admin","author_link":"https:\/\/poliduo.de\/?author=1"},"uagb_comment_info":0,"uagb_excerpt":"unsere dienstleistungen Innenaufbereitung Basic Intensiv Top Basic Intensiv Leistungen Saugen\u00a0der Sitze Saugen der Fu\u00dfmatten Saugen des Kofferraums Reinigung der Oberfl\u00e4chen Pflege der Oberfl\u00e4chen Trocknungszeit keine Kosten ab 150\u20ac Top Leistungen Saugen der Sitze Saugen der Fu\u00dfmatten Saugen des Kofferraums Nassw\u00e4sche der Sitze Nassw\u00e4sche der Fu\u00dfmatten Reinigung der Oberfl\u00e4chen Pflege der Oberfl\u00e4chen UV-Schutzversiegelung der Oberfl\u00e4chen Trocknungszeit&hellip;","_links":{"self":[{"href":"https:\/\/poliduo.de\/index.php?rest_route=\/wp\/v2\/pages\/15","targetHints":{"allow":["GET"]}}],"collection":[{"href":"https:\/\/poliduo.de\/index.php?rest_route=\/wp\/v2\/pages"}],"about":[{"href":"https:\/\/poliduo.de\/index.php?rest_route=\/wp\/v2\/types\/page"}],"author":[{"embeddable":true,"href":"https:\/\/poliduo.de\/index.php?rest_route=\/wp\/v2\/users\/1"}],"replies":[{"embeddable":true,"href":"https:\/\/poliduo.de\/index.php?rest_route=%2Fwp%2Fv2%2Fcomments&post=15"}],"version-history":[{"count":26,"href":"https:\/\/poliduo.de\/index.php?rest_route=\/wp\/v2\/pages\/15\/revisions"}],"predecessor-version":[{"id":2041,"href":"https:\/\/poliduo.de\/index.php?rest_route=\/wp\/v2\/pages\/15\/revisions\/2041"}],"wp:attachment":[{"href":"https:\/\/poliduo.de\/index.php?rest_route=%2Fwp%2Fv2%2Fmedia&parent=15"}],"curies":[{"name":"wp","href":"https:\/\/api.w.org\/{rel}","templated":true}]}}